
{"id":12570,"date":"2025-10-13T12:03:44","date_gmt":"2025-10-13T12:03:44","guid":{"rendered":"https:\/\/bekespack.hu\/hu\/termek\/papirtorlo\/"},"modified":"2026-01-28T08:15:20","modified_gmt":"2026-01-28T08:15:20","slug":"papirtorlo","status":"publish","type":"product","link":"https:\/\/bekespack.hu\/hu\/termek\/papirtorlo\/","title":{"rendered":"Pap\u00edrt\u00f6rl\u0151"},"content":{"rendered":"<p>-pap\u00edrt\u00f6rl\u0151,k\u00e9zt\u00f6rl\u0151<\/p>\n<p>-100% cellul\u00f3z<\/p>\n<p>-2 r\u00e9teg\u0171<\/p>\n<p>-feh\u00e9r<\/p>\n<p>-330-360 lap<\/p>\n<p>&#8211; ~80-90m<\/p>\n<p>12db\/ karton<\/p>\n<p>Rendel\u00e9skor a darabsz\u00e1mot l\u00e1that\u00f3!<\/p>","protected":false},"excerpt":{"rendered":"<p>-pap\u00edrt\u00f6rl\u0151,k\u00e9zt\u00f6rl\u0151 -100% cellul\u00f3z -2 r\u00e9teg\u0171 -feh\u00e9r -330-360 lap &#8211; ~80-90m 12db\/ karton Rendel\u00e9skor a darabsz\u00e1mot l\u00e1that\u00f3!<\/p>","protected":false},"featured_media":12568,"comment_status":"open","ping_status":"closed","template":"","meta":{"_monsterinsights_skip_tracking":false,"_monsterinsights_sitenote_active":false,"_monsterinsights_sitenote_note":"","_monsterinsights_sitenote_category":0},"product_brand":[],"product_cat":[608],"product_tag":[],"vehicles":[],"class_list":{"0":"post-12570","1":"product","2":"type-product","3":"status-publish","4":"has-post-thumbnail","6":"product_cat-papirtorlok","8":"first","9":"outofstock","10":"sale","11":"taxable","12":"shipping-taxable","13":"purchasable","14":"product-type-simple"},"supplier_id":null,"supplier_sku":"","barcode":null,"atum_controlled":false,"out_stock_date":null,"out_stock_threshold":null,"inheritable":false,"inbound_stock":null,"stock_on_hold":28,"sold_today":0,"sales_last_days":48,"reserved_stock":null,"customer_returns":null,"warehouse_damage":null,"lost_in_post":null,"other_logs":null,"out_stock_days":0,"lost_sales":0,"has_location":false,"update_date":"2026-02-11T03:41:56","atum_locations":[],"atum_stock_status":"outofstock","restock_status":false,"low_stock_amount":"","sales_update_date":"2026-02-11T03:41:56","calc_backorders":null,"aioseo_notices":[],"jetpack_sharing_enabled":true,"_links":{"self":[{"href":"https:\/\/bekespack.hu\/hu\/wp-json\/wp\/v2\/product\/12570","targetHints":{"allow":["GET"]}}],"collection":[{"href":"https:\/\/bekespack.hu\/hu\/wp-json\/wp\/v2\/product"}],"about":[{"href":"https:\/\/bekespack.hu\/hu\/wp-json\/wp\/v2\/types\/product"}],"replies":[{"embeddable":true,"href":"https:\/\/bekespack.hu\/hu\/wp-json\/wp\/v2\/comments?post=12570"}],"wp:featuredmedia":[{"embeddable":true,"href":"https:\/\/bekespack.hu\/hu\/wp-json\/wp\/v2\/media\/12568"}],"wp:attachment":[{"href":"https:\/\/bekespack.hu\/hu\/wp-json\/wp\/v2\/media?parent=12570"}],"wp:term":[{"taxonomy":"product_brand","embeddable":true,"href":"https:\/\/bekespack.hu\/hu\/wp-json\/wp\/v2\/product_brand?post=12570"},{"taxonomy":"product_cat","embeddable":true,"href":"https:\/\/bekespack.hu\/hu\/wp-json\/wp\/v2\/product_cat?post=12570"},{"taxonomy":"product_tag","embeddable":true,"href":"https:\/\/bekespack.hu\/hu\/wp-json\/wp\/v2\/product_tag?post=12570"},{"taxonomy":"vehicles","embeddable":true,"href":"https:\/\/bekespack.hu\/hu\/wp-json\/wp\/v2\/vehicles?post=12570"}],"curies":[{"name":"wp","href":"https:\/\/api.w.org\/{rel}","templated":true}]}}