
{"id":12131,"date":"2025-02-03T19:52:17","date_gmt":"2025-02-03T19:52:17","guid":{"rendered":"https:\/\/bekespack.hu\/?post_type=product&#038;p=12131"},"modified":"2025-08-05T10:32:54","modified_gmt":"2025-08-05T10:32:54","slug":"celmetto-papirtorlo-mini-l-60m-2-reteg100-celluloz","status":"publish","type":"product","link":"https:\/\/bekespack.hu\/hu\/termek\/celmetto-papirtorlo-mini-l-60m-2-reteg100-celluloz\/","title":{"rendered":"Celmetto Pap\u00edrt\u0151rl\u0151 Mini L-60m 2 r\u00e9teg,100% cellul\u00f3z"},"content":{"rendered":"<p>Celmetto Pap\u00edrt\u0151rl\u0151 Mini L-60m 2 r\u00e9teg,100% cellul\u00f3z 12db\/cs<\/p>","protected":false},"excerpt":{"rendered":"<p>Celmetto Pap\u00edrt\u0151rl\u0151 Mini L-60m 2 r\u00e9teg,100% cellul\u00f3z 12db\/cs<\/p>","protected":false},"featured_media":12129,"comment_status":"open","ping_status":"closed","template":"","meta":{"_monsterinsights_skip_tracking":false,"_monsterinsights_sitenote_active":false,"_monsterinsights_sitenote_note":"","_monsterinsights_sitenote_category":0},"product_brand":[],"product_cat":[604,608],"product_tag":[],"vehicles":[],"class_list":{"0":"post-12131","1":"product","2":"type-product","3":"status-publish","4":"has-post-thumbnail","6":"product_cat-higienias-termekek","7":"product_cat-papirtorlok","9":"first","10":"outofstock","11":"taxable","12":"shipping-taxable","13":"purchasable","14":"product-type-simple"},"supplier_id":null,"supplier_sku":"","barcode":null,"atum_controlled":true,"out_stock_date":null,"out_stock_threshold":null,"inheritable":false,"inbound_stock":0,"stock_on_hold":0,"sold_today":0,"sales_last_days":0,"reserved_stock":0,"customer_returns":0,"warehouse_damage":0,"lost_in_post":0,"other_logs":0,"out_stock_days":0,"lost_sales":0,"has_location":false,"update_date":"2026-02-11T03:41:55","atum_locations":[],"atum_stock_status":"outofstock","restock_status":false,"low_stock_amount":"","sales_update_date":"2026-02-11T03:41:55","calc_backorders":null,"aioseo_notices":[],"jetpack_sharing_enabled":true,"_links":{"self":[{"href":"https:\/\/bekespack.hu\/hu\/wp-json\/wp\/v2\/product\/12131","targetHints":{"allow":["GET"]}}],"collection":[{"href":"https:\/\/bekespack.hu\/hu\/wp-json\/wp\/v2\/product"}],"about":[{"href":"https:\/\/bekespack.hu\/hu\/wp-json\/wp\/v2\/types\/product"}],"replies":[{"embeddable":true,"href":"https:\/\/bekespack.hu\/hu\/wp-json\/wp\/v2\/comments?post=12131"}],"wp:featuredmedia":[{"embeddable":true,"href":"https:\/\/bekespack.hu\/hu\/wp-json\/wp\/v2\/media\/12129"}],"wp:attachment":[{"href":"https:\/\/bekespack.hu\/hu\/wp-json\/wp\/v2\/media?parent=12131"}],"wp:term":[{"taxonomy":"product_brand","embeddable":true,"href":"https:\/\/bekespack.hu\/hu\/wp-json\/wp\/v2\/product_brand?post=12131"},{"taxonomy":"product_cat","embeddable":true,"href":"https:\/\/bekespack.hu\/hu\/wp-json\/wp\/v2\/product_cat?post=12131"},{"taxonomy":"product_tag","embeddable":true,"href":"https:\/\/bekespack.hu\/hu\/wp-json\/wp\/v2\/product_tag?post=12131"},{"taxonomy":"vehicles","embeddable":true,"href":"https:\/\/bekespack.hu\/hu\/wp-json\/wp\/v2\/vehicles?post=12131"}],"curies":[{"name":"wp","href":"https:\/\/api.w.org\/{rel}","templated":true}]}}