
{"id":11298,"date":"2025-01-26T20:04:33","date_gmt":"2025-01-26T20:04:33","guid":{"rendered":"https:\/\/bekespack.hu\/?post_type=product&#038;p=11298"},"modified":"2025-03-21T12:17:51","modified_gmt":"2025-03-21T12:17:51","slug":"mosogatoszer","status":"publish","type":"product","link":"https:\/\/bekespack.hu\/hu\/termek\/mosogatoszer\/","title":{"rendered":"Fairy Jar mosogat\u00f3szer Lemon 5L"},"content":{"rendered":"","protected":false},"excerpt":{"rendered":"<p>A term\u00e9k \u00e1ra az EPR d\u00edjat tartalmazza.<\/p>\n<p>Minimum rendel\u00e9si mennyis\u00e9g: 1 db<\/p>","protected":false},"featured_media":11568,"comment_status":"open","ping_status":"closed","template":"","meta":{"_monsterinsights_skip_tracking":false,"_monsterinsights_sitenote_active":false,"_monsterinsights_sitenote_note":"","_monsterinsights_sitenote_category":0},"product_brand":[],"product_cat":[604,611],"product_tag":[],"vehicles":[],"class_list":{"0":"post-11298","1":"product","2":"type-product","3":"status-publish","4":"has-post-thumbnail","6":"product_cat-higienias-termekek","7":"product_cat-tisztitoszerek","9":"first","10":"instock","11":"taxable","12":"shipping-taxable","13":"purchasable","14":"product-type-simple"},"supplier_id":null,"supplier_sku":"","barcode":null,"atum_controlled":true,"out_stock_date":null,"out_stock_threshold":null,"inheritable":false,"inbound_stock":0,"stock_on_hold":0,"sold_today":0,"sales_last_days":0,"reserved_stock":0,"customer_returns":0,"warehouse_damage":0,"lost_in_post":0,"other_logs":0,"out_stock_days":0,"lost_sales":0,"has_location":false,"update_date":"2026-02-11T03:41:56","atum_locations":[],"atum_stock_status":"instock","restock_status":false,"low_stock_amount":"","sales_update_date":"2026-02-11T03:41:56","calc_backorders":null,"aioseo_notices":[],"jetpack_sharing_enabled":true,"_links":{"self":[{"href":"https:\/\/bekespack.hu\/hu\/wp-json\/wp\/v2\/product\/11298","targetHints":{"allow":["GET"]}}],"collection":[{"href":"https:\/\/bekespack.hu\/hu\/wp-json\/wp\/v2\/product"}],"about":[{"href":"https:\/\/bekespack.hu\/hu\/wp-json\/wp\/v2\/types\/product"}],"replies":[{"embeddable":true,"href":"https:\/\/bekespack.hu\/hu\/wp-json\/wp\/v2\/comments?post=11298"}],"wp:featuredmedia":[{"embeddable":true,"href":"https:\/\/bekespack.hu\/hu\/wp-json\/wp\/v2\/media\/11568"}],"wp:attachment":[{"href":"https:\/\/bekespack.hu\/hu\/wp-json\/wp\/v2\/media?parent=11298"}],"wp:term":[{"taxonomy":"product_brand","embeddable":true,"href":"https:\/\/bekespack.hu\/hu\/wp-json\/wp\/v2\/product_brand?post=11298"},{"taxonomy":"product_cat","embeddable":true,"href":"https:\/\/bekespack.hu\/hu\/wp-json\/wp\/v2\/product_cat?post=11298"},{"taxonomy":"product_tag","embeddable":true,"href":"https:\/\/bekespack.hu\/hu\/wp-json\/wp\/v2\/product_tag?post=11298"},{"taxonomy":"vehicles","embeddable":true,"href":"https:\/\/bekespack.hu\/hu\/wp-json\/wp\/v2\/vehicles?post=11298"}],"curies":[{"name":"wp","href":"https:\/\/api.w.org\/{rel}","templated":true}]}}