
{"id":10646,"date":"2025-01-06T13:33:24","date_gmt":"2025-01-06T13:33:24","guid":{"rendered":"https:\/\/bekespack.hu\/?post_type=product&#038;p=10646"},"modified":"2025-01-30T20:42:20","modified_gmt":"2025-01-30T20:42:20","slug":"alutalkateto-850ml","status":"publish","type":"product","link":"https:\/\/bekespack.hu\/hu\/termek\/alutalkateto-850ml\/","title":{"rendered":"Alut\u00e1lka+tet\u0151 850ml"},"content":{"rendered":"<p>850ml<\/p>","protected":false},"excerpt":{"rendered":"<p>A term\u00e9k \u00e1ra az EPR d\u00edjat tartalmazza.<br \/>\n1 csomag tartalma: 100 db term\u00e9k.(v\u00e1ltoz\u00f3)<br \/>\nMinimum rendel\u00e9si mennyis\u00e9g: 1 csomag<\/p>","protected":false},"featured_media":10694,"comment_status":"open","ping_status":"closed","template":"","meta":{"_monsterinsights_skip_tracking":false,"_monsterinsights_sitenote_active":false,"_monsterinsights_sitenote_note":"","_monsterinsights_sitenote_category":0},"product_brand":[],"product_cat":[544],"product_tag":[],"vehicles":[],"class_list":{"0":"post-10646","1":"product","2":"type-product","3":"status-publish","4":"has-post-thumbnail","6":"product_cat-alutalca","8":"first","9":"outofstock","10":"taxable","11":"shipping-taxable","12":"purchasable","13":"product-type-simple"},"supplier_id":null,"supplier_sku":"","barcode":null,"atum_controlled":true,"out_stock_date":null,"out_stock_threshold":null,"inheritable":false,"inbound_stock":null,"stock_on_hold":0,"sold_today":0,"sales_last_days":0,"reserved_stock":null,"customer_returns":null,"warehouse_damage":null,"lost_in_post":null,"other_logs":null,"out_stock_days":0,"lost_sales":0,"has_location":null,"update_date":"2026-02-11T03:41:56","atum_locations":[],"atum_stock_status":"outofstock","restock_status":false,"low_stock_amount":"","sales_update_date":"2026-02-11T03:41:56","calc_backorders":null,"aioseo_notices":[],"jetpack_sharing_enabled":true,"_links":{"self":[{"href":"https:\/\/bekespack.hu\/hu\/wp-json\/wp\/v2\/product\/10646","targetHints":{"allow":["GET"]}}],"collection":[{"href":"https:\/\/bekespack.hu\/hu\/wp-json\/wp\/v2\/product"}],"about":[{"href":"https:\/\/bekespack.hu\/hu\/wp-json\/wp\/v2\/types\/product"}],"replies":[{"embeddable":true,"href":"https:\/\/bekespack.hu\/hu\/wp-json\/wp\/v2\/comments?post=10646"}],"wp:featuredmedia":[{"embeddable":true,"href":"https:\/\/bekespack.hu\/hu\/wp-json\/wp\/v2\/media\/10694"}],"wp:attachment":[{"href":"https:\/\/bekespack.hu\/hu\/wp-json\/wp\/v2\/media?parent=10646"}],"wp:term":[{"taxonomy":"product_brand","embeddable":true,"href":"https:\/\/bekespack.hu\/hu\/wp-json\/wp\/v2\/product_brand?post=10646"},{"taxonomy":"product_cat","embeddable":true,"href":"https:\/\/bekespack.hu\/hu\/wp-json\/wp\/v2\/product_cat?post=10646"},{"taxonomy":"product_tag","embeddable":true,"href":"https:\/\/bekespack.hu\/hu\/wp-json\/wp\/v2\/product_tag?post=10646"},{"taxonomy":"vehicles","embeddable":true,"href":"https:\/\/bekespack.hu\/hu\/wp-json\/wp\/v2\/vehicles?post=10646"}],"curies":[{"name":"wp","href":"https:\/\/api.w.org\/{rel}","templated":true}]}}