
{"id":10552,"date":"2025-01-06T13:31:32","date_gmt":"2025-01-06T13:31:32","guid":{"rendered":"https:\/\/bekespack.hu\/?post_type=product&#038;p=10552"},"modified":"2025-02-01T14:54:08","modified_gmt":"2025-02-01T14:54:08","slug":"pizza-doboz-26-3-cm-csapott-sarku-feher-gyartasi-ido-2-het","status":"publish","type":"product","link":"http:\/\/bekespack.hu\/hu\/termek\/pizza-doboz-26-3-cm-csapott-sarku-feher-gyartasi-ido-2-het\/","title":{"rendered":"Pizza doboz 26\/3 cm csapott sark\u00fa feh\u00e9r-(gy\u00e1rt\u00e1si id\u0151 2 h\u00e9t)"},"content":{"rendered":"<p>SZ\/H\/M: 26 cm 26 cm x 3 cm<\/p>","protected":false},"excerpt":{"rendered":"<p>A term\u00e9k \u00e1ra az EPR d\u00edjat tartalmazza.<br \/>\n1 csomag tartalma: 100 db term\u00e9k.<br \/>\nMinimum rendel\u00e9si mennyis\u00e9g: 1 csomag<\/p>","protected":false},"featured_media":11203,"comment_status":"open","ping_status":"closed","template":"","meta":{"_monsterinsights_skip_tracking":false,"_monsterinsights_sitenote_active":false,"_monsterinsights_sitenote_note":"","_monsterinsights_sitenote_category":0},"product_brand":[],"product_cat":[521],"product_tag":[],"vehicles":[],"class_list":{"0":"post-10552","1":"product","2":"type-product","3":"status-publish","4":"has-post-thumbnail","6":"product_cat-pizzas","8":"first","9":"outofstock","10":"taxable","11":"shipping-taxable","12":"purchasable","13":"product-type-simple"},"supplier_id":null,"supplier_sku":"","barcode":null,"atum_controlled":true,"out_stock_date":null,"out_stock_threshold":null,"inheritable":false,"inbound_stock":null,"stock_on_hold":0,"sold_today":0,"sales_last_days":0,"reserved_stock":null,"customer_returns":null,"warehouse_damage":null,"lost_in_post":null,"other_logs":null,"out_stock_days":0,"lost_sales":0,"has_location":null,"update_date":"2026-02-11T03:41:56","atum_locations":[],"atum_stock_status":"outofstock","restock_status":false,"low_stock_amount":"","sales_update_date":"2026-02-11T03:41:56","calc_backorders":null,"aioseo_notices":[],"jetpack_sharing_enabled":true,"_links":{"self":[{"href":"http:\/\/bekespack.hu\/hu\/wp-json\/wp\/v2\/product\/10552","targetHints":{"allow":["GET"]}}],"collection":[{"href":"http:\/\/bekespack.hu\/hu\/wp-json\/wp\/v2\/product"}],"about":[{"href":"http:\/\/bekespack.hu\/hu\/wp-json\/wp\/v2\/types\/product"}],"replies":[{"embeddable":true,"href":"http:\/\/bekespack.hu\/hu\/wp-json\/wp\/v2\/comments?post=10552"}],"wp:featuredmedia":[{"embeddable":true,"href":"http:\/\/bekespack.hu\/hu\/wp-json\/wp\/v2\/media\/11203"}],"wp:attachment":[{"href":"http:\/\/bekespack.hu\/hu\/wp-json\/wp\/v2\/media?parent=10552"}],"wp:term":[{"taxonomy":"product_brand","embeddable":true,"href":"http:\/\/bekespack.hu\/hu\/wp-json\/wp\/v2\/product_brand?post=10552"},{"taxonomy":"product_cat","embeddable":true,"href":"http:\/\/bekespack.hu\/hu\/wp-json\/wp\/v2\/product_cat?post=10552"},{"taxonomy":"product_tag","embeddable":true,"href":"http:\/\/bekespack.hu\/hu\/wp-json\/wp\/v2\/product_tag?post=10552"},{"taxonomy":"vehicles","embeddable":true,"href":"http:\/\/bekespack.hu\/hu\/wp-json\/wp\/v2\/vehicles?post=10552"}],"curies":[{"name":"wp","href":"https:\/\/api.w.org\/{rel}","templated":true}]}}