
{"id":10504,"date":"2025-01-06T13:30:07","date_gmt":"2025-01-06T13:30:07","guid":{"rendered":"https:\/\/bekespack.hu\/?post_type=product&#038;p=10504"},"modified":"2025-02-01T14:39:25","modified_gmt":"2025-02-01T14:39:25","slug":"pizza-doboz-45-3-cm-szogletes-barna","status":"publish","type":"product","link":"http:\/\/bekespack.hu\/hu\/termek\/pizza-doboz-45-3-cm-szogletes-barna\/","title":{"rendered":"Pizza doboz 45\/3 cm sz\u00f6gletes barna"},"content":{"rendered":"<p>SZ\/H\/M: 45 cm x 45 cm x 3 cm<\/p>","protected":false},"excerpt":{"rendered":"<p>A term\u00e9k \u00e1ra az EPR d\u00edjat tartalmazza.<br \/>\n1 csomag tartalma: 50 db term\u00e9k.<br \/>\nMinimum rendel\u00e9si mennyis\u00e9g: 1 csomag<\/p>","protected":false},"featured_media":11209,"comment_status":"open","ping_status":"closed","template":"","meta":{"_monsterinsights_skip_tracking":false,"_monsterinsights_sitenote_active":false,"_monsterinsights_sitenote_note":"","_monsterinsights_sitenote_category":0},"product_brand":[],"product_cat":[521],"product_tag":[],"vehicles":[],"class_list":{"0":"post-10504","1":"product","2":"type-product","3":"status-publish","4":"has-post-thumbnail","6":"product_cat-pizzas","8":"first","9":"instock","10":"taxable","11":"shipping-taxable","12":"purchasable","13":"product-type-simple"},"supplier_id":null,"supplier_sku":"","barcode":null,"atum_controlled":true,"out_stock_date":null,"out_stock_threshold":null,"inheritable":false,"inbound_stock":null,"stock_on_hold":0,"sold_today":0,"sales_last_days":0,"reserved_stock":null,"customer_returns":null,"warehouse_damage":null,"lost_in_post":null,"other_logs":null,"out_stock_days":0,"lost_sales":0,"has_location":false,"update_date":"2026-02-11T03:41:57","atum_locations":[],"atum_stock_status":"instock","restock_status":false,"low_stock_amount":"","sales_update_date":"2026-02-11T03:41:57","calc_backorders":null,"aioseo_notices":[],"jetpack_sharing_enabled":true,"_links":{"self":[{"href":"http:\/\/bekespack.hu\/hu\/wp-json\/wp\/v2\/product\/10504","targetHints":{"allow":["GET"]}}],"collection":[{"href":"http:\/\/bekespack.hu\/hu\/wp-json\/wp\/v2\/product"}],"about":[{"href":"http:\/\/bekespack.hu\/hu\/wp-json\/wp\/v2\/types\/product"}],"replies":[{"embeddable":true,"href":"http:\/\/bekespack.hu\/hu\/wp-json\/wp\/v2\/comments?post=10504"}],"wp:featuredmedia":[{"embeddable":true,"href":"http:\/\/bekespack.hu\/hu\/wp-json\/wp\/v2\/media\/11209"}],"wp:attachment":[{"href":"http:\/\/bekespack.hu\/hu\/wp-json\/wp\/v2\/media?parent=10504"}],"wp:term":[{"taxonomy":"product_brand","embeddable":true,"href":"http:\/\/bekespack.hu\/hu\/wp-json\/wp\/v2\/product_brand?post=10504"},{"taxonomy":"product_cat","embeddable":true,"href":"http:\/\/bekespack.hu\/hu\/wp-json\/wp\/v2\/product_cat?post=10504"},{"taxonomy":"product_tag","embeddable":true,"href":"http:\/\/bekespack.hu\/hu\/wp-json\/wp\/v2\/product_tag?post=10504"},{"taxonomy":"vehicles","embeddable":true,"href":"http:\/\/bekespack.hu\/hu\/wp-json\/wp\/v2\/vehicles?post=10504"}],"curies":[{"name":"wp","href":"https:\/\/api.w.org\/{rel}","templated":true}]}}